{"id":38,"date":"2023-06-20T11:05:16","date_gmt":"2023-06-20T11:05:16","guid":{"rendered":"https:\/\/svarusauto.lt\/index.php\/home\/"},"modified":"2023-10-23T16:36:28","modified_gmt":"2023-10-23T16:36:28","slug":"home","status":"publish","type":"page","link":"https:\/\/svarusauto.lt\/","title":{"rendered":"Home"},"content":{"rendered":"\t\t<div data-elementor-type=\"wp-page\" data-elementor-id=\"38\" class=\"elementor elementor-38\">\n\t\t\t\t\t\t\t\t\t<section class=\"elementor-section elementor-top-section elementor-element elementor-element-5d8b22a1 elementor-section-height-min-height elementor-section-content-middle elementor-section-boxed elementor-section-height-default elementor-section-items-middle wpr-particle-no wpr-jarallax-no wpr-parallax-no wpr-sticky-section-no\" data-id=\"5d8b22a1\" data-element_type=\"section\" data-settings=\"{&quot;background_background&quot;:&quot;slideshow&quot;,&quot;background_slideshow_gallery&quot;:[{&quot;id&quot;:117,&quot;url&quot;:&quot;https:\\\/\\\/svarusauto.lt\\\/wp-content\\\/uploads\\\/2023\\\/08\\\/unnamed.jpg&quot;}],&quot;background_slideshow_ken_burns&quot;:&quot;yes&quot;,&quot;background_slideshow_loop&quot;:&quot;yes&quot;,&quot;background_slideshow_slide_duration&quot;:5000,&quot;background_slideshow_slide_transition&quot;:&quot;fade&quot;,&quot;background_slideshow_transition_duration&quot;:500,&quot;background_slideshow_ken_burns_zoom_direction&quot;:&quot;in&quot;}\">\n\t\t\t\t\t\t<div class=\"elementor-container elementor-column-gap-no\">\n\t\t\t\t\t<div class=\"elementor-column elementor-col-100 elementor-top-column elementor-element elementor-element-68c57fdc\" data-id=\"68c57fdc\" data-element_type=\"column\">\n\t\t\t<div class=\"elementor-widget-wrap elementor-element-populated\">\n\t\t\t\t\t\t\t\t<div class=\"elementor-element elementor-element-20df8cad elementor-widget elementor-widget-heading\" data-id=\"20df8cad\" data-element_type=\"widget\" data-widget_type=\"heading.default\">\n\t\t\t\t<div class=\"elementor-widget-container\">\n\t\t\t<style>\/*! elementor - v3.16.0 - 17-10-2023 *\/\n.elementor-heading-title{padding:0;margin:0;line-height:1}.elementor-widget-heading .elementor-heading-title[class*=elementor-size-]>a{color:inherit;font-size:inherit;line-height:inherit}.elementor-widget-heading .elementor-heading-title.elementor-size-small{font-size:15px}.elementor-widget-heading .elementor-heading-title.elementor-size-medium{font-size:19px}.elementor-widget-heading .elementor-heading-title.elementor-size-large{font-size:29px}.elementor-widget-heading .elementor-heading-title.elementor-size-xl{font-size:39px}.elementor-widget-heading .elementor-heading-title.elementor-size-xxl{font-size:59px}<\/style><h1 class=\"elementor-heading-title elementor-size-default\">Kas mes?<\/h1>\t\t<\/div>\n\t\t\t\t<\/div>\n\t\t\t\t<div class=\"elementor-element elementor-element-22e7a4f6 elementor-widget elementor-widget-heading\" data-id=\"22e7a4f6\" data-element_type=\"widget\" data-widget_type=\"heading.default\">\n\t\t\t\t<div class=\"elementor-widget-container\">\n\t\t\t<h5 class=\"elementor-heading-title elementor-size-default\">Detalus, cheminis Lengv\u0173j\u0173 Automobili\u0173, Krovinini\u0173 vilkik\u0173 Mikroautobus\u0173,Kemperi\u0173 valymas profesionaliai ir kokybi\u0161kai! Naudojant <b>gar\u0173 technologija<\/b><\/h5>\t\t<\/div>\n\t\t\t\t<\/div>\n\t\t\t\t<div class=\"elementor-element elementor-element-68eb7afc elementor-align-center elementor-widget elementor-widget-button\" data-id=\"68eb7afc\" data-element_type=\"widget\" data-widget_type=\"button.default\">\n\t\t\t\t<div class=\"elementor-widget-container\">\n\t\t\t\t\t<div class=\"elementor-button-wrapper\">\n\t\t\t<a class=\"elementor-button elementor-button-link elementor-size-sm\" href=\"https:\/\/svarusauto.lt\/index.php\/contact\/\">\n\t\t\t\t\t\t<span class=\"elementor-button-content-wrapper\">\n\t\t\t\t\t\t<span class=\"elementor-button-text\">Susisiekti dabar<\/span>\n\t\t<\/span>\n\t\t\t\t\t<\/a>\n\t\t<\/div>\n\t\t\t\t<\/div>\n\t\t\t\t<\/div>\n\t\t\t\t\t<\/div>\n\t\t<\/div>\n\t\t\t\t\t\t\t<\/div>\n\t\t<\/section>\n\t\t\t\t<section class=\"elementor-section elementor-top-section elementor-element elementor-element-486d2b111 elementor-section-boxed elementor-section-height-default elementor-section-height-default wpr-particle-no wpr-jarallax-no wpr-parallax-no wpr-sticky-section-no\" data-id=\"486d2b111\" data-element_type=\"section\">\n\t\t\t\t\t\t<div class=\"elementor-container elementor-column-gap-default\">\n\t\t\t\t\t<div class=\"elementor-column elementor-col-100 elementor-top-column elementor-element elementor-element-37e65885\" data-id=\"37e65885\" data-element_type=\"column\">\n\t\t\t<div class=\"elementor-widget-wrap elementor-element-populated\">\n\t\t\t\t\t\t\t\t<div class=\"elementor-element elementor-element-2a1e56bc elementor-widget elementor-widget-heading\" data-id=\"2a1e56bc\" data-element_type=\"widget\" data-widget_type=\"heading.default\">\n\t\t\t\t<div class=\"elementor-widget-container\">\n\t\t\t<h2 class=\"elementor-heading-title elementor-size-default\">M\u016bs\u0173 paslaugos<\/h2>\t\t<\/div>\n\t\t\t\t<\/div>\n\t\t\t\t<div class=\"elementor-element elementor-element-1cf7908 elementor-widget elementor-widget-heading\" data-id=\"1cf7908\" data-element_type=\"widget\" data-widget_type=\"heading.default\">\n\t\t\t\t<div class=\"elementor-widget-container\">\n\t\t\t<h2 class=\"elementor-heading-title elementor-size-default\">Populiariausios<\/h2>\t\t<\/div>\n\t\t\t\t<\/div>\n\t\t\t\t<section class=\"elementor-section elementor-inner-section elementor-element elementor-element-c68ce14 elementor-section-boxed elementor-section-height-default elementor-section-height-default wpr-particle-no wpr-jarallax-no wpr-parallax-no wpr-sticky-section-no\" data-id=\"c68ce14\" data-element_type=\"section\">\n\t\t\t\t\t\t<div class=\"elementor-container elementor-column-gap-default\">\n\t\t\t\t\t<div class=\"elementor-column elementor-col-25 elementor-inner-column elementor-element elementor-element-330134f6\" data-id=\"330134f6\" data-element_type=\"column\">\n\t\t\t<div class=\"elementor-widget-wrap elementor-element-populated\">\n\t\t\t\t\t\t\t\t<div class=\"elementor-element elementor-element-171be61d elementor-view-stacked elementor-shape-circle elementor-position-top elementor-mobile-position-top elementor-widget elementor-widget-icon-box\" data-id=\"171be61d\" data-element_type=\"widget\" data-widget_type=\"icon-box.default\">\n\t\t\t\t<div class=\"elementor-widget-container\">\n\t\t\t<link rel=\"stylesheet\" href=\"https:\/\/svarusauto.lt\/wp-content\/plugins\/elementor\/assets\/css\/widget-icon-box.min.css\">\t\t<div class=\"elementor-icon-box-wrapper\">\n\t\t\t\t\t\t<div class=\"elementor-icon-box-icon\">\n\t\t\t\t<span  class=\"elementor-icon elementor-animation-\">\n\t\t\t\t<svg xmlns=\"http:\/\/www.w3.org\/2000\/svg\" width=\"800px\" height=\"800px\" viewBox=\"0 0 24 24\" fill=\"none\"><path d=\"M3 8L5.72187 10.2682C5.90158 10.418 6.12811 10.5 6.36205 10.5H17.6379C17.8719 10.5 18.0984 10.418 18.2781 10.2682L21 8M6.5 14H6.51M17.5 14H17.51M8.16065 4.5H15.8394C16.5571 4.5 17.2198 4.88457 17.5758 5.50772L20.473 10.5777C20.8183 11.1821 21 11.8661 21 12.5623V18.5C21 19.0523 20.5523 19.5 20 19.5H19C18.4477 19.5 18 19.0523 18 18.5V17.5H6V18.5C6 19.0523 5.55228 19.5 5 19.5H4C3.44772 19.5 3 19.0523 3 18.5V12.5623C3 11.8661 3.18166 11.1821 3.52703 10.5777L6.42416 5.50772C6.78024 4.88457 7.44293 4.5 8.16065 4.5ZM7 14C7 14.2761 6.77614 14.5 6.5 14.5C6.22386 14.5 6 14.2761 6 14C6 13.7239 6.22386 13.5 6.5 13.5C6.77614 13.5 7 13.7239 7 14ZM18 14C18 14.2761 17.7761 14.5 17.5 14.5C17.2239 14.5 17 14.2761 17 14C17 13.7239 17.2239 13.5 17.5 13.5C17.7761 13.5 18 13.7239 18 14Z\" stroke=\"#000000\" stroke-width=\"2\" stroke-linecap=\"round\" stroke-linejoin=\"round\"><\/path><\/svg>\t\t\t\t<\/span>\n\t\t\t<\/div>\n\t\t\t\t\t\t<div class=\"elementor-icon-box-content\">\n\t\t\t\t<h3 class=\"elementor-icon-box-title\">\n\t\t\t\t\t<span  >\n\t\t\t\t\t\tVidinis valymas\t\t\t\t\t<\/span>\n\t\t\t\t<\/h3>\n\t\t\t\t\t\t\t\t\t<p class=\"elementor-icon-box-description\">\n\t\t\t\t\t\tTransporto priemoni\u0173 vidaus valymas yra procesas, kuriuo \u0161varinama automobilio vidaus erdv\u0117. Dulki\u0173 surinkim\u0105, kilim\u0173, s\u0117dyni\u0173 ir kit\u0173 pavir\u0161i\u0173 valym\u0105 bei kvap\u0173 \u0161alinim\u0105 atliekame gar\u0173 bei chemijos pagalba, jog automobilio interjeras b\u016bt\u0173 \u0161varus ir patogus keleiviams.\t\t\t\t\t<\/p>\n\t\t\t\t\t\t\t<\/div>\n\t\t<\/div>\n\t\t\t\t<\/div>\n\t\t\t\t<\/div>\n\t\t\t\t\t<\/div>\n\t\t<\/div>\n\t\t\t\t<div class=\"elementor-column elementor-col-25 elementor-inner-column elementor-element elementor-element-13260bd0\" data-id=\"13260bd0\" data-element_type=\"column\">\n\t\t\t<div class=\"elementor-widget-wrap elementor-element-populated\">\n\t\t\t\t\t\t\t\t<div class=\"elementor-element elementor-element-3eea7505 elementor-view-stacked elementor-shape-circle elementor-position-top elementor-mobile-position-top elementor-widget elementor-widget-icon-box\" data-id=\"3eea7505\" data-element_type=\"widget\" data-widget_type=\"icon-box.default\">\n\t\t\t\t<div class=\"elementor-widget-container\">\n\t\t\t\t\t<div class=\"elementor-icon-box-wrapper\">\n\t\t\t\t\t\t<div class=\"elementor-icon-box-icon\">\n\t\t\t\t<span  class=\"elementor-icon elementor-animation-\">\n\t\t\t\t<svg xmlns=\"http:\/\/www.w3.org\/2000\/svg\" width=\"800px\" height=\"800px\" viewBox=\"0 0 24 24\" fill=\"none\"><path d=\"M14 8V5M11 5H17M6 12H3M3 9V15M21 11V19M9 12H9.01M12 12H12.01M15 12H15.01M6 8V16H8L10 19H18V10L16 8H6Z\" stroke=\"#000000\" stroke-width=\"2\" stroke-linecap=\"round\" stroke-linejoin=\"round\"><\/path><\/svg>\t\t\t\t<\/span>\n\t\t\t<\/div>\n\t\t\t\t\t\t<div class=\"elementor-icon-box-content\">\n\t\t\t\t<h3 class=\"elementor-icon-box-title\">\n\t\t\t\t\t<span  >\n\t\t\t\t\t\tVariklio skyriaus valymas\t\t\t\t\t<\/span>\n\t\t\t\t<\/h3>\n\t\t\t\t\t\t\t\t\t<p class=\"elementor-icon-box-description\">\n\t\t\t\t\t\tVariklio skyriaus valymas yra procesas kuomet yra valomos automobilio variklio aplinkos dalys. Chemijos ir gar\u0173 pagalba  dulki\u0173, riebal\u0173 ir ne\u0161varum\u0173 sluoksniai yra pa\u0161alinami. Toks valymas yra \u012ftin svarbus norint i\u0161laikyti transporto priemon\u0117s variklio \u0161var\u0105 ir efektyvum\u0105.\t\t\t\t\t<\/p>\n\t\t\t\t\t\t\t<\/div>\n\t\t<\/div>\n\t\t\t\t<\/div>\n\t\t\t\t<\/div>\n\t\t\t\t\t<\/div>\n\t\t<\/div>\n\t\t\t\t<div class=\"elementor-column elementor-col-25 elementor-inner-column elementor-element elementor-element-4ee05f43\" data-id=\"4ee05f43\" data-element_type=\"column\">\n\t\t\t<div class=\"elementor-widget-wrap elementor-element-populated\">\n\t\t\t\t\t\t\t\t<div class=\"elementor-element elementor-element-2bf70d51 elementor-view-stacked elementor-shape-circle elementor-position-top elementor-mobile-position-top elementor-widget elementor-widget-icon-box\" data-id=\"2bf70d51\" data-element_type=\"widget\" data-widget_type=\"icon-box.default\">\n\t\t\t\t<div class=\"elementor-widget-container\">\n\t\t\t\t\t<div class=\"elementor-icon-box-wrapper\">\n\t\t\t\t\t\t<div class=\"elementor-icon-box-icon\">\n\t\t\t\t<span  class=\"elementor-icon elementor-animation-\">\n\t\t\t\t<svg xmlns=\"http:\/\/www.w3.org\/2000\/svg\" fill=\"#000000\" width=\"800px\" height=\"800px\" viewBox=\"0 0 24 24\" id=\"seat-car\" data-name=\"Line Color\" class=\"icon line-color\"><path id=\"primary\" d=\"M7.38,15a1,1,0,0,1,.9.55A2.61,2.61,0,0,0,10.62,17h2.94a2.61,2.61,0,0,0,2.34-1.45,1,1,0,0,1,.9-.55h1.62L19,8.68a1,1,0,0,0-.55-1L17.06,7l-.81-3.24a1,1,0,0,0-1-.76H8.72a1,1,0,0,0-1,.76L6.94,7l-1.39.69a1,1,0,0,0-.55,1L5.58,15Z\" style=\"fill: none; stroke: rgb(0, 0, 0); stroke-linecap: round; stroke-linejoin: round; stroke-width: 2;\"><\/path><path id=\"secondary\" d=\"M16.8,15H19a1,1,0,0,1,1,1.16l-.53,3.17a2,2,0,0,1-2,1.67h-11a2,2,0,0,1-2-1.67L4,16.16A1,1,0,0,1,5,15H7.38a1,1,0,0,1,.9.55h0A2.61,2.61,0,0,0,10.62,17h2.94a2.61,2.61,0,0,0,2.34-1.45h0A1,1,0,0,1,16.8,15Z\" style=\"fill: none; stroke: rgb(44, 169, 188); stroke-linecap: round; stroke-linejoin: round; stroke-width: 2;\"><\/path><\/svg>\t\t\t\t<\/span>\n\t\t\t<\/div>\n\t\t\t\t\t\t<div class=\"elementor-icon-box-content\">\n\t\t\t\t<h3 class=\"elementor-icon-box-title\">\n\t\t\t\t\t<span  >\n\t\t\t\t\t\tCheminis valymas\t\t\t\t\t<\/span>\n\t\t\t\t<\/h3>\n\t\t\t\t\t\t\t\t\t<p class=\"elementor-icon-box-description\">\n\t\t\t\t\t\tCheminis s\u0117dyni\u0173, stogo dangos, kilimin\u0117s dangos,  proced\u016bra skirta i\u0161valyti visus ne\u0161varumus bei kvapus. D\u0117mi\u0173 \u0161alinimas, valymas, dr\u0117kinimas. Renkantis  chemin\u012f valym\u0105  i\u0161laikytum\u0117te s\u0117dyni\u0173 \u0161var\u0105 ir i\u0161vaizd\u0105. Pilnas 100% i\u0161d\u017eiovinimas garantuotas.\t\t\t\t\t<\/p>\n\t\t\t\t\t\t\t<\/div>\n\t\t<\/div>\n\t\t\t\t<\/div>\n\t\t\t\t<\/div>\n\t\t\t\t\t<\/div>\n\t\t<\/div>\n\t\t\t\t<div class=\"elementor-column elementor-col-25 elementor-inner-column elementor-element elementor-element-aa36652\" data-id=\"aa36652\" data-element_type=\"column\">\n\t\t\t<div class=\"elementor-widget-wrap elementor-element-populated\">\n\t\t\t\t\t\t\t\t<div class=\"elementor-element elementor-element-8104728 elementor-view-stacked elementor-shape-circle elementor-position-top elementor-mobile-position-top elementor-widget elementor-widget-icon-box\" data-id=\"8104728\" data-element_type=\"widget\" data-widget_type=\"icon-box.default\">\n\t\t\t\t<div class=\"elementor-widget-container\">\n\t\t\t\t\t<div class=\"elementor-icon-box-wrapper\">\n\t\t\t\t\t\t<div class=\"elementor-icon-box-icon\">\n\t\t\t\t<span  class=\"elementor-icon elementor-animation-\">\n\t\t\t\t<svg xmlns=\"http:\/\/www.w3.org\/2000\/svg\" xmlns:xlink=\"http:\/\/www.w3.org\/1999\/xlink\" width=\"800px\" height=\"800px\" viewBox=\"0 0 20 20\"><title>truck_round [#653]<\/title><desc>Created with Sketch.<\/desc><defs><\/defs><g id=\"Page-1\" stroke=\"none\" stroke-width=\"1\" fill=\"none\" fill-rule=\"evenodd\"><g id=\"Dribbble-Light-Preview\" transform=\"translate(-260.000000, -5319.000000)\" fill=\"#000000\"><g id=\"icons\" transform=\"translate(56.000000, 160.000000)\"><path d=\"M222,5170 L218,5170 L218,5166 L221,5166 C221.552,5166 222,5166.448 222,5167 L222,5170 Z M222,5174 L221.221,5174 C220.672,5173.39 219.885,5173 219,5173 C218.647,5173 218.314,5173.072 218,5173.184 L218,5172 L222,5172 L222,5174 Z M219,5177 C218.449,5177 218,5176.551 218,5176 C218,5175.449 218.449,5175 219,5175 C219.551,5175 220,5175.449 220,5176 C220,5176.551 219.551,5177 219,5177 L219,5177 Z M216,5164 L216,5174 L213.484,5174 C213.038,5172.278 211.487,5171 209.625,5171 C208.538,5171 207.556,5171.436 206.838,5172.142 C206.526,5172.448 206,5172.216 206,5171.779 L206,5162 C206,5161.448 206.448,5161 207,5161 L215,5161 C215.552,5161 216,5161.448 216,5162 L216,5164 Z M211.347,5176 C211,5176.595 210.362,5177 209.625,5177 C208.888,5177 208.25,5176.595 207.903,5176 C207.731,5175.705 207.625,5175.366 207.625,5175 C207.625,5174.634 207.731,5174.295 207.903,5174 C208.25,5173.405 208.888,5173 209.625,5173 C210.362,5173 211,5173.405 211.347,5174 C211.519,5174.295 211.625,5174.634 211.625,5175 C211.625,5175.366 211.519,5175.705 211.347,5176 L211.347,5176 Z M222,5164 L218,5164 L218,5161 C218,5159.895 217.105,5159 216,5159 L206,5159 C204.895,5159 204,5159.895 204,5161 L204,5174.234 C204,5175.209 204.791,5176 205.766,5176 C206.213,5177.722 207.763,5179 209.625,5179 C211.487,5179 213.037,5177.722 213.484,5176 L216,5176 C216,5177.657 217.343,5179 219,5179 C220.657,5179 222,5177.657 222,5176 C223.105,5176 224,5175.105 224,5174 L224,5166 C224,5164.895 223.105,5164 222,5164 L222,5164 Z\" id=\"truck_round-[#653]\"><\/path><\/g><\/g><\/g><\/svg>\t\t\t\t<\/span>\n\t\t\t<\/div>\n\t\t\t\t\t\t<div class=\"elementor-icon-box-content\">\n\t\t\t\t<h3 class=\"elementor-icon-box-title\">\n\t\t\t\t\t<span  >\n\t\t\t\t\t\tKrovinini\u0173 vilkik\u0173 valymas\t\t\t\t\t<\/span>\n\t\t\t\t<\/h3>\n\t\t\t\t\t\t\t\t\t<p class=\"elementor-icon-box-description\">\n\t\t\t\t\t\tKrovinini\u0173 vilkik\u0173 valymas yra proceso, kuriuo valoma vidin\u0117 erdv\u0117. Tai apima vidin\u0117s erdv\u0117s valym\u0105, oro kondicionavimo sistemos valym\u0105 bei kitus pavir\u0161i\u0173 valymo ir prie\u017ei\u016bros \u017eingsnius. Valymas yra svarbus norint i\u0161laikyti vilkik\u0105 \u0161var\u0173, patog\u0173 vairuotojui ir pagerinti darbo s\u0105lygas.\t\t\t\t\t<\/p>\n\t\t\t\t\t\t\t<\/div>\n\t\t<\/div>\n\t\t\t\t<\/div>\n\t\t\t\t<\/div>\n\t\t\t\t\t<\/div>\n\t\t<\/div>\n\t\t\t\t\t\t\t<\/div>\n\t\t<\/section>\n\t\t\t\t\t<\/div>\n\t\t<\/div>\n\t\t\t\t\t\t\t<\/div>\n\t\t<\/section>\n\t\t\t\t<section class=\"elementor-section elementor-top-section elementor-element elementor-element-aa55097 elementor-section-full_width elementor-section-height-default elementor-section-height-default wpr-particle-no wpr-jarallax-no wpr-parallax-no wpr-sticky-section-no\" data-id=\"aa55097\" data-element_type=\"section\" data-settings=\"{&quot;background_background&quot;:&quot;classic&quot;}\">\n\t\t\t\t\t\t<div class=\"elementor-container elementor-column-gap-default\">\n\t\t\t\t\t<div class=\"elementor-column elementor-col-50 elementor-top-column elementor-element elementor-element-f2caf77\" data-id=\"f2caf77\" data-element_type=\"column\">\n\t\t\t<div class=\"elementor-widget-wrap elementor-element-populated\">\n\t\t\t\t\t\t\t\t<div class=\"elementor-element elementor-element-ab6ac47 elementor-widget elementor-widget-heading\" data-id=\"ab6ac47\" data-element_type=\"widget\" data-widget_type=\"heading.default\">\n\t\t\t\t<div class=\"elementor-widget-container\">\n\t\t\t<h2 class=\"elementor-heading-title elementor-size-default\">Turite klausim\u0173?<\/h2>\t\t<\/div>\n\t\t\t\t<\/div>\n\t\t\t\t\t<\/div>\n\t\t<\/div>\n\t\t\t\t<div class=\"elementor-column elementor-col-50 elementor-top-column elementor-element elementor-element-deae5aa\" data-id=\"deae5aa\" data-element_type=\"column\">\n\t\t\t<div class=\"elementor-widget-wrap elementor-element-populated\">\n\t\t\t\t\t\t\t\t<div class=\"elementor-element elementor-element-2d9ea89 wpr-button-icon-style-inline wpr-button-icon-position-right elementor-widget elementor-widget-wpr-button\" data-id=\"2d9ea89\" data-element_type=\"widget\" data-widget_type=\"wpr-button.default\">\n\t\t\t\t<div class=\"elementor-widget-container\">\n\t\t\t\t\n\t\t\t\n\t\t\n\t\t<div class=\"wpr-button-wrap elementor-clearfix\">\n\t\t<a class=\"wpr-button wpr-button-effect elementor-animation-grow\" data-text=\"Go\" href=\"#link\">\n\t\t\t\n\t\t\t<span class=\"wpr-button-content\">\n\t\t\t\t\t\t\t\t\t<span class=\"wpr-button-text\">Susisiekite <\/span>\n\t\t\t\t\t\t\t\t\n\t\t\t\t\t\t\t\t\t<span class=\"wpr-button-icon\"><i class=\"fas fa-angle-right\"><\/i><\/span>\n\t\t\t\t\t\t\t<\/span>\n\t\t<\/a>\n\n\t\t\t\t<\/div>\n\t\n\t\n\t\t\t<\/div>\n\t\t\t\t<\/div>\n\t\t\t\t\t<\/div>\n\t\t<\/div>\n\t\t\t\t\t\t\t<\/div>\n\t\t<\/section>\n\t\t\t\t<section class=\"elementor-section elementor-top-section elementor-element elementor-element-1abae09e elementor-section-full_width elementor-section-height-default elementor-section-height-default wpr-particle-no wpr-jarallax-no wpr-parallax-no wpr-sticky-section-no\" data-id=\"1abae09e\" data-element_type=\"section\">\n\t\t\t\t\t\t<div class=\"elementor-container elementor-column-gap-no\">\n\t\t\t\t\t<div class=\"elementor-column elementor-col-100 elementor-top-column elementor-element elementor-element-1c9f1b4d\" data-id=\"1c9f1b4d\" data-element_type=\"column\">\n\t\t\t<div class=\"elementor-widget-wrap elementor-element-populated\">\n\t\t\t\t\t\t\t\t<div class=\"elementor-element elementor-element-ac2d9d9 elementor-widget elementor-widget-heading\" data-id=\"ac2d9d9\" data-element_type=\"widget\" data-widget_type=\"heading.default\">\n\t\t\t\t<div class=\"elementor-widget-container\">\n\t\t\t<h2 class=\"elementor-heading-title elementor-size-default\">Atlikti darbai<\/h2>\t\t<\/div>\n\t\t\t\t<\/div>\n\t\t\t\t<div class=\"elementor-element elementor-element-ed3b80d elementor-widget elementor-widget-heading\" data-id=\"ed3b80d\" data-element_type=\"widget\" data-widget_type=\"heading.default\">\n\t\t\t\t<div class=\"elementor-widget-container\">\n\t\t\t<h2 class=\"elementor-heading-title elementor-size-default\">Prie\u0161 ir po<\/h2>\t\t<\/div>\n\t\t\t\t<\/div>\n\t\t\t\t\t<\/div>\n\t\t<\/div>\n\t\t\t\t\t\t\t<\/div>\n\t\t<\/section>\n\t\t\t\t<section class=\"elementor-section elementor-top-section elementor-element elementor-element-abc7925 elementor-section-boxed elementor-section-height-default elementor-section-height-default wpr-particle-no wpr-jarallax-no wpr-parallax-no wpr-sticky-section-no\" data-id=\"abc7925\" data-element_type=\"section\">\n\t\t\t\t\t\t<div class=\"elementor-container elementor-column-gap-default\">\n\t\t\t\t\t<div class=\"elementor-column elementor-col-33 elementor-top-column elementor-element elementor-element-d2b6ab0\" data-id=\"d2b6ab0\" data-element_type=\"column\">\n\t\t\t<div class=\"elementor-widget-wrap elementor-element-populated\">\n\t\t\t\t\t\t\t\t<div class=\"elementor-element elementor-element-0bd53a2 elementor-widget elementor-widget-wpr-before-after\" data-id=\"0bd53a2\" data-element_type=\"widget\" data-widget_type=\"wpr-before-after.default\">\n\t\t\t\t<div class=\"elementor-widget-container\">\n\t\t\t<div class=\"wpr-ba-image-container wpr-ba-horizontal wpr-ba-labels-default\" data-position=\"50\" data-trigger=\"drag\"><div class=\"wpr-ba-image-1\"><img decoding=\"async\" src=\"https:\/\/svarusauto.lt\/wp-content\/uploads\/2023\/10\/0f0e9223-d43b-43f9-ac3a-132ec296d518.jpg\"><\/div><div class=\"wpr-ba-image-2\"><img decoding=\"async\" src=\"https:\/\/svarusauto.lt\/wp-content\/uploads\/2023\/10\/b1.jpg\"><\/div><div class=\"wpr-ba-divider\"><div class=\"wpr-ba-divider-icons\"><i class=\"fa fa-angle-left\"><\/i><i class=\"fa fa-angle-right\"><\/i><\/div><\/div><div class=\"wpr-ba-label wpr-ba-label-1\"><div>Prie\u0161<\/div><\/div><div class=\"wpr-ba-label wpr-ba-label-2\"><div>Po<\/div><\/div><\/div>\t\t<\/div>\n\t\t\t\t<\/div>\n\t\t\t\t\t<\/div>\n\t\t<\/div>\n\t\t\t\t<div class=\"elementor-column elementor-col-33 elementor-top-column elementor-element elementor-element-7080bd2\" data-id=\"7080bd2\" data-element_type=\"column\">\n\t\t\t<div class=\"elementor-widget-wrap elementor-element-populated\">\n\t\t\t\t\t\t\t\t<div class=\"elementor-element elementor-element-072c528 elementor-widget elementor-widget-wpr-before-after\" data-id=\"072c528\" data-element_type=\"widget\" data-widget_type=\"wpr-before-after.default\">\n\t\t\t\t<div class=\"elementor-widget-container\">\n\t\t\t<div class=\"wpr-ba-image-container wpr-ba-horizontal wpr-ba-labels-default\" data-position=\"50\" data-trigger=\"drag\"><div class=\"wpr-ba-image-1\"><img decoding=\"async\" src=\"https:\/\/svarusauto.lt\/wp-content\/uploads\/2023\/10\/03d31dd9-1509-4509-a752-9863b3a52e30.jpg\"><\/div><div class=\"wpr-ba-image-2\"><img decoding=\"async\" src=\"https:\/\/svarusauto.lt\/wp-content\/uploads\/2023\/10\/ac2c7058-0f23-4c94-b1d8-796368ddda7d.jpg\"><\/div><div class=\"wpr-ba-divider\"><div class=\"wpr-ba-divider-icons\"><i class=\"fa fa-angle-left\"><\/i><i class=\"fa fa-angle-right\"><\/i><\/div><\/div><div class=\"wpr-ba-label wpr-ba-label-1\"><div>Prie\u0161<\/div><\/div><div class=\"wpr-ba-label wpr-ba-label-2\"><div>Po<\/div><\/div><\/div>\t\t<\/div>\n\t\t\t\t<\/div>\n\t\t\t\t\t<\/div>\n\t\t<\/div>\n\t\t\t\t<div class=\"elementor-column elementor-col-33 elementor-top-column elementor-element elementor-element-5fd569f\" data-id=\"5fd569f\" data-element_type=\"column\">\n\t\t\t<div class=\"elementor-widget-wrap elementor-element-populated\">\n\t\t\t\t\t\t\t\t<div class=\"elementor-element elementor-element-dfa71e6 elementor-widget elementor-widget-wpr-before-after\" data-id=\"dfa71e6\" data-element_type=\"widget\" data-widget_type=\"wpr-before-after.default\">\n\t\t\t\t<div class=\"elementor-widget-container\">\n\t\t\t<div class=\"wpr-ba-image-container wpr-ba-horizontal wpr-ba-labels-default\" data-position=\"50\" data-trigger=\"drag\"><div class=\"wpr-ba-image-1\"><img decoding=\"async\" src=\"https:\/\/svarusauto.lt\/wp-content\/uploads\/2023\/10\/f0f39ed6-aecd-4098-8788-755f5342ed30.jpg\"><\/div><div class=\"wpr-ba-image-2\"><img decoding=\"async\" src=\"https:\/\/svarusauto.lt\/wp-content\/uploads\/2023\/10\/e9a61e1a-bc83-44a3-b72c-4457802da0ed-1.jpg\"><\/div><div class=\"wpr-ba-divider\"><div class=\"wpr-ba-divider-icons\"><i class=\"fa fa-angle-left\"><\/i><i class=\"fa fa-angle-right\"><\/i><\/div><\/div><div class=\"wpr-ba-label wpr-ba-label-1\"><div>Prie\u0161<\/div><\/div><div class=\"wpr-ba-label wpr-ba-label-2\"><div>Po<\/div><\/div><\/div>\t\t<\/div>\n\t\t\t\t<\/div>\n\t\t\t\t\t<\/div>\n\t\t<\/div>\n\t\t\t\t\t\t\t<\/div>\n\t\t<\/section>\n\t\t\t\t\t\t\t<\/div>\n\t\t","protected":false},"excerpt":{"rendered":"<p>Kas mes? Detalus, cheminis Lengv\u0173j\u0173 Automobili\u0173, Krovinini\u0173 vilkik\u0173 Mikroautobus\u0173,Kemperi\u0173 valymas profesionaliai ir kokybi\u0161kai! Naudojant gar\u0173 technologija Susisiekti dabar M\u016bs\u0173 paslaugos Populiariausios Vidinis valymas Transporto priemoni\u0173 vidaus valymas yra procesas, kuriuo \u0161varinama automobilio vidaus erdv\u0117. Dulki\u0173 surinkim\u0105, kilim\u0173, s\u0117dyni\u0173 ir kit\u0173 pavir\u0161i\u0173 valym\u0105 bei kvap\u0173 \u0161alinim\u0105 atliekame gar\u0173 bei chemijos pagalba, jog automobilio interjeras b\u016bt\u0173 \u0161varus [&hellip;]<\/p>\n","protected":false},"author":1,"featured_media":0,"parent":0,"menu_order":0,"comment_status":"closed","ping_status":"closed","template":"elementor_header_footer","meta":{"footnotes":""},"_links":{"self":[{"href":"https:\/\/svarusauto.lt\/index.php\/wp-json\/wp\/v2\/pages\/38"}],"collection":[{"href":"https:\/\/svarusauto.lt\/index.php\/wp-json\/wp\/v2\/pages"}],"about":[{"href":"https:\/\/svarusauto.lt\/index.php\/wp-json\/wp\/v2\/types\/page"}],"author":[{"embeddable":true,"href":"https:\/\/svarusauto.lt\/index.php\/wp-json\/wp\/v2\/users\/1"}],"replies":[{"embeddable":true,"href":"https:\/\/svarusauto.lt\/index.php\/wp-json\/wp\/v2\/comments?post=38"}],"version-history":[{"count":190,"href":"https:\/\/svarusauto.lt\/index.php\/wp-json\/wp\/v2\/pages\/38\/revisions"}],"predecessor-version":[{"id":311,"href":"https:\/\/svarusauto.lt\/index.php\/wp-json\/wp\/v2\/pages\/38\/revisions\/311"}],"wp:attachment":[{"href":"https:\/\/svarusauto.lt\/index.php\/wp-json\/wp\/v2\/media?parent=38"}],"curies":[{"name":"wp","href":"https:\/\/api.w.org\/{rel}","templated":true}]}}